{"id":115,"date":"2025-05-19T21:00:25","date_gmt":"2025-05-20T01:00:25","guid":{"rendered":"https:\/\/acquachi.com\/tienda\/?post_type=product&#038;p=115"},"modified":"2025-05-19T21:00:25","modified_gmt":"2025-05-20T01:00:25","slug":"unidad-de-transferencia-de-energia-y-bienestar","status":"publish","type":"product","link":"https:\/\/acquachi.com\/tienda\/producto\/unidad-de-transferencia-de-energia-y-bienestar\/","title":{"rendered":"Unidad de Transferencia de Energ\u00eda y Bienestar"},"content":{"rendered":"<p>Dos (2) dispositivos de energ\u00eda y siete (7) aplicadores para instalar su sistema en 3 a 4<br \/>\nequipos diferentes que permiten inducir energ\u00eda personalizada a dos zonas o sesiones<br \/>\nsimult\u00e1neamente.<\/p>\n","protected":false},"excerpt":{"rendered":"<p>Dos (2) dispositivos de energ\u00eda y siete (7) aplicadores para instalar su sistema en 3 a 4 equipos diferentes que permiten inducir energ\u00eda personalizada a dos zonas o sesiones simult\u00e1neamente.<\/p>\n","protected":false},"featured_media":104,"comment_status":"open","ping_status":"closed","template":"","meta":[],"product_cat":[15],"product_tag":[],"class_list":{"0":"post-115","1":"product","2":"type-product","3":"status-publish","4":"has-post-thumbnail","6":"product_cat-sin-categorizar","8":"first","9":"instock","10":"shipping-taxable","11":"purchasable","12":"product-type-simple"},"jetpack_sharing_enabled":true,"_links":{"self":[{"href":"https:\/\/acquachi.com\/tienda\/wp-json\/wp\/v2\/product\/115","targetHints":{"allow":["GET"]}}],"collection":[{"href":"https:\/\/acquachi.com\/tienda\/wp-json\/wp\/v2\/product"}],"about":[{"href":"https:\/\/acquachi.com\/tienda\/wp-json\/wp\/v2\/types\/product"}],"replies":[{"embeddable":true,"href":"https:\/\/acquachi.com\/tienda\/wp-json\/wp\/v2\/comments?post=115"}],"wp:featuredmedia":[{"embeddable":true,"href":"https:\/\/acquachi.com\/tienda\/wp-json\/wp\/v2\/media\/104"}],"wp:attachment":[{"href":"https:\/\/acquachi.com\/tienda\/wp-json\/wp\/v2\/media?parent=115"}],"wp:term":[{"taxonomy":"product_cat","embeddable":true,"href":"https:\/\/acquachi.com\/tienda\/wp-json\/wp\/v2\/product_cat?post=115"},{"taxonomy":"product_tag","embeddable":true,"href":"https:\/\/acquachi.com\/tienda\/wp-json\/wp\/v2\/product_tag?post=115"}],"curies":[{"name":"wp","href":"https:\/\/api.w.org\/{rel}","templated":true}]}}