{"id":80,"date":"2024-07-12T08:18:02","date_gmt":"2024-07-12T12:18:02","guid":{"rendered":"https:\/\/acquachi.com\/store\/?post_type=product&#038;p=80"},"modified":"2024-10-02T00:14:35","modified_gmt":"2024-10-02T04:14:35","slug":"sesion-intensiva-acqua-frecuencias","status":"publish","type":"product","link":"https:\/\/acquachi.com\/store\/producto\/sesion-intensiva-acqua-frecuencias\/","title":{"rendered":"SESION INTENSIVE ACQUA CHI FREQUENCIES"},"content":{"rendered":"<p class=\"MsoNormal\" style=\"text-align:justify\"><span lang=\"ES\" style=\",sans-serif;color:black\">RELAX <\/span><b><span lang=\"ES-VE\" style=\"font-size:8.0pt;,sans-serif;color:black\">(SESION 15,30,60 MIN.)<\/span><\/b><\/p>\n<p><\/p>\n<p class=\"MsoNormal\" style=\"text-align:justify\"><span style=\"color: black;, sans-serif;font-size: 9pt\">En estos tiempos de<\/span><span lang=\"ES\" style=\"font-size:9.0pt;,sans-serif;color:black\">altos niveles de cambios y exigencias, ofrecemos un <\/span><span lang=\"ES\" style=\"font-size:9.0pt;,sans-serif;color:black\">Protocolo de UNA (1) Sesi\u00f3n con<\/span><span lang=\"ES\" style=\"font-size:9.0pt;,sans-serif;color:black\"> frecuencias de energ\u00eda para el alivio del stress mediante la aplicaci\u00f3n de<br \/>programas especiales de Vitalidad, Mejorar Sue\u00f1o, Control de Impulsividad, Protecci\u00f3n<br \/>del Exterior, Anti-Stress y Alegr\u00eda de la Vida, con lo que logramos llevar a<br \/>nuestra mente a la calma, paz y tranquilidad tan necesarias en estos momentos<\/span><span lang=\"ES\" style=\",sans-serif;color:black\"><\/p>\n<p class=\"MsoNormal\" style=\"text-align:justify\">\n<p>PERFOMANCE <b>\u00a0<\/b><\/span><b><span lang=\"ES-VE\" style=\"font-size:8.0pt;,sans-serif;color:black\">(SESION 15,30,60 MIN.)<\/span><\/b><\/p>\n<p><\/p>\n<p class=\"MsoNormal\" style=\"text-align:justify\"><span lang=\"ES\" style=\"font-size:9.0pt;,sans-serif;color:black\">Protocolo de UNA (1) Sesi\u00f3n <\/span><span lang=\"ES\" style=\"font-size:9.0pt;,sans-serif;color:black\">para Deportistas<br \/>recreativos o de Alto Rendimiento incluyendo programas de vitalidad, incremento<br \/>de la coordinaci\u00f3n muscular, aumento de la capacidad de oxigenaci\u00f3n a nivel<br \/>pulmonar y celular, activaci\u00f3n y regulaci\u00f3n de los niveles de agua a nivel<br \/>celular y corporal balanceando los niveles de hidrataci\u00f3n, control de los<br \/>niveles de acido l\u00e1ctico \u00a0reduciendo los<br \/>tiempos de recuperaci\u00f3n logrando as\u00ed aumentar proporcionalmente la resistencia<br \/>para as\u00ed\u00a0lograr incrementar el desempe\u00f1o deportivo de atletas de alta competencia.<\/span><span lang=\"ES-VE\" style=\",sans-serif;color:black\"> <\/span><\/p>\n<p><\/p>\n<p class=\"MsoNormal\" style=\"text-align:justify\"><span lang=\"ES-VE\" style=\",sans-serif;color:black\">ETERNITY <\/span><b><span lang=\"ES-VE\" style=\"font-size:8.0pt;,sans-serif;color:black\">(SESION 15,30,60 MIN.)<\/span><\/b><span lang=\"ES-VE\" style=\",sans-serif;color:black\">\u00a0\u00a0\u00a0\u00a0\u00a0\u00a0\u00a0\u00a0\u00a0\u00a0\u00a0\u00a0\u00a0\u00a0\u00a0\u00a0\u00a0\u00a0\u00a0\u00a0\u00a0 <\/span><\/p>\n<p><\/p>\n<p class=\"MsoNormal\" style=\"text-align:justify\"><span lang=\"ES\" style=\"font-size:9.0pt;,sans-serif;color:black\">Protocolo de UNA (1) Sesi\u00f3n con <\/span><span lang=\"ES\" style=\",sans-serif;color:black\">F<\/span><span lang=\"ES\" style=\"font-size:9.0pt;,sans-serif;color:black\">recuencias de energ\u00eda especificas<br \/>para anti envejecimiento y regeneraci\u00f3n, mediante la aplicaci\u00f3n de los<br \/>siguientes programas: vitalidad, cuidado de la piel, antiarrugas, regeneraci\u00f3n<br \/>de tejidos, activaci\u00f3n y regulaci\u00f3n de los niveles de agua a nivel celular y<br \/>corporal, Anti-Stress y Alegr\u00eda de la Vida, para aquellas personas que se han<br \/>fijado como meta la b\u00fasqueda de la inmortalidad.<\/span><span lang=\"ES\" style=\",sans-serif;color:black\">\u00a0\u00a0 <\/span><\/p>\n<p><\/p>\n<p class=\"MsoNormal\" style=\"text-align:justify\"><span lang=\"ES\" style=\",sans-serif;color:black\">ALIVIO DOLOR\/ ANTINFLAMATORIOS <\/span><b><span lang=\"ES-VE\" style=\"font-size:8.0pt;,sans-serif;color:black\">(SESION 15,30,60 MIN.)<\/span><span lang=\"ES-VE\" style=\",sans-serif;color:black\">\u00a0\u00a0\u00a0\u00a0\u00a0\u00a0\u00a0\u00a0\u00a0\u00a0\u00a0\u00a0\u00a0\u00a0\u00a0\u00a0 <\/span><\/b><\/p>\n<p><\/p>\n<p class=\"MsoNormal\" style=\"text-align:justify\"><span lang=\"ES\" style=\"font-size:9.0pt;,sans-serif;color:black\">Protocolo especial de UNA (1) con <\/span><span lang=\"ES\" style=\"font-size:9.0pt;,sans-serif;color:black\">Frecuencias de Energ\u00eda<br \/>incluyendo programas de d\u00e9tox y limpieza energ\u00e9tica, anti dolor, vitalidad,<br \/>sistema inmunol\u00f3gico, recuperaci\u00f3n pre y post operatoria, activaci\u00f3n y<br \/>regulaci\u00f3n de los niveles de agua\u00a0\u00a0 a<br \/>nivel celular y corporal balanceando los niveles de hidrataci\u00f3n, apoyo a la<br \/>digesti\u00f3n y acidez, regeneraci\u00f3n de tejido y cicatrizaci\u00f3n a nivel energ\u00e9tico<br \/>reduciendo los tiempos de recuperaci\u00f3n de las lesiones<\/span><span lang=\"ES\" style=\",sans-serif;color:black\">\u00a0<\/span><\/p>\n<p><\/p>\n<p class=\"MsoNormal\" style=\"text-align:justify\"><span lang=\"ES\" style=\",sans-serif;color:black\"> ALIVIO DEL STRESS\u00a0 <\/span><b><span lang=\"ES-VE\" style=\"font-size:8.0pt;,sans-serif;color:black\">(SESION 30,60 MIN.)<\/span><span lang=\"ES-VE\" style=\",sans-serif;color:black\">\u00a0\u00a0\u00a0\u00a0\u00a0\u00a0\u00a0\u00a0\u00a0\u00a0\u00a0\u00a0\u00a0\u00a0\u00a0\u00a0 <\/span><\/b><\/p>\n<p><\/p>\n<p class=\"MsoNormal\" style=\"text-align:justify\"><span lang=\"ES\" style=\"font-size:9.0pt;,sans-serif;color:black\">En momentos de altos niveles de stress como los actuales,<br \/>ofrecemos un Protocolo R\u00e1pido de UNA (1) sesi\u00f3n para el alivio del stress en<br \/>situaciones extremas con programas especiales para llevar nuestra mente a la<br \/>calma y paz tan necesaria en estos momentos.\u00a0<br \/>Para personas sometidas a altos niveles de Stress adicionalmente<br \/>ofrecemos un protocolo de CUATRO (4) sesiones que nos garantiza mantener la<br \/>armon\u00eda en cualquier situaci\u00f3n<\/span><span lang=\"ES\" style=\",sans-serif;color:black\">\u00a0\u00a0 <\/span><\/p>\n<p><\/p>\n<p class=\"MsoNormal\" style=\"text-align:justify\"><span lang=\"ES\" style=\",sans-serif;color:black\">DEFENSA <\/span><b><span lang=\"ES-VE\" style=\"font-size:8.0pt;,sans-serif;color:black\">(SESION 30,60 MIN.)<\/span><span lang=\"ES-VE\" style=\",sans-serif;color:black\">\u00a0\u00a0\u00a0\u00a0\u00a0\u00a0\u00a0\u00a0\u00a0\u00a0\u00a0\u00a0\u00a0\u00a0\u00a0\u00a0<\/span><\/b><\/p>\n<p><\/p>\n<p class=\"MsoNormal\" style=\"text-align:justify\"><b><span lang=\"ES-VE\" style=\",sans-serif;color:black\"> <\/span><\/b><span lang=\"ES\" style=\"font-size:9.0pt;,sans-serif;color:black\">Protocolo especial de UNA (1) o CUATRO (4) sesiones para<br \/>el fortalecimiento del sistema inmunol\u00f3gico para su defensa ante pat\u00f3genos y<br \/>otros procesos. Vitalidad, Activaci\u00f3n del agua a nivel celular y del Sistema<br \/>Linf\u00e1tico. Balanceo de todas las funciones corporales influenciando todos los<br \/>niveles de Bienestar o Well Being.<\/span><span lang=\"ES\" style=\",sans-serif;color:black\">\u00a0\u00a0\u00a0\u00a0 <\/span><\/p>\n<p><\/p>\n<p class=\"MsoNormal\" style=\"text-align:justify\"><span lang=\"ES\" style=\",sans-serif;color:black\">RENDIMIENTO <\/span><b><span lang=\"ES-VE\" style=\"font-size:8.0pt;,sans-serif;color:black\">(SESION 30,60 MIN.)<\/span><span lang=\"ES-VE\" style=\",sans-serif;color:black\">\u00a0\u00a0\u00a0\u00a0\u00a0\u00a0\u00a0\u00a0\u00a0\u00a0\u00a0<\/span><\/b><\/p>\n<p><\/p>\n<p class=\"MsoNormal\" style=\"text-align:justify\"><span style=\"color: black;, sans-serif;font-size: 9pt\">Protocolo de UNA (1) o CUATRO (4) sesiones especialmente<\/span><span lang=\"ES\" style=\"font-size:9.0pt;,sans-serif;color:black\">dise\u00f1ado para el aumento del rendimiento en Deportistas de Alto Rendimiento y<br \/>Deportistas recreativos incluyendo programas de vitalidad, incremento de la<br \/>coordinaci\u00f3n muscular, aumento de la capacidad de oxigenaci\u00f3n a nivel pulmonar<br \/>y celular, regulaci\u00f3n de los niveles de agua corporal a nivel celular y<br \/>corporal, balanceado los niveles de hidrataci\u00f3n, control de los niveles de<br \/>acido l\u00e1ctico reduciendo as\u00ed los tiempos de recuperaci\u00f3n aumentando<br \/>proporcionalmente la resistencia <\/span><\/p>\n<p><\/p>\n<p class=\"MsoNormal\" style=\"text-align:justify\">\n<p class=\"MsoNormal\" style=\"text-align:justify\">\n<p class=\"MsoNormal\" style=\"text-align:justify\"><span lang=\"ES\" style=\",sans-serif;color:black\">\u00a0\u00a0 DESCANSO <\/span><b><span lang=\"ES-VE\" style=\"font-size:8.0pt;,sans-serif;color:black\">(SESION 30,60 MIN.)<\/span><span lang=\"ES-VE\" style=\",sans-serif;color:black\">\u00a0\u00a0\u00a0\u00a0\u00a0\u00a0\u00a0\u00a0\u00a0\u00a0\u00a0\u00a0\u00a0\u00a0\u00a0\u00a0 <\/span><\/b><span lang=\"ES\" style=\",sans-serif;color:black\"><\/span><\/p>\n<p><\/p>\n<p class=\"MsoNormal\" style=\"text-align:justify\"><span lang=\"ES\" style=\"font-size:9.0pt;,sans-serif;color:black\">Protocolo especialmente dise\u00f1ado para alcanzar altos<br \/>niveles de descanso en UNA (1) sesi\u00f3n incluyendo programas anti-stress, para<br \/>llevar nuestro cerebro a ondas de sue\u00f1o delta, regulaci\u00f3n b\u00e1sica del biorritmo,<br \/>vitalidad, con especiales beneficios para aquellas personas que se levantan<br \/>sinti\u00e9ndose cansadas. Protocolo extensivo de CUATRO (4) sesiones para recuperar<br \/>los patrones de sue\u00f1o en personas con problemas cr\u00f3nicos para dormir, con<br \/>frecuencias no invasivas que nos permiten recuperar los plazos nocturnos de<br \/>sue\u00f1o reparador. <\/span><\/p>\n<p><\/p>\n<p class=\"MsoNormal\" style=\"text-align:justify\"><span lang=\"ES\" style=\",sans-serif;color:black\">\u00a0\u00a0 ETERNIDAD <\/span><b><span lang=\"ES-VE\" style=\"font-size:8.0pt;,sans-serif;color:black\">(SESION 30,60 MIN.)<\/span><span lang=\"ES-VE\" style=\",sans-serif;color:black\">\u00a0\u00a0\u00a0\u00a0\u00a0\u00a0\u00a0\u00a0\u00a0\u00a0\u00a0\u00a0\u00a0\u00a0\u00a0\u00a0 <\/span><\/b><\/p>\n<p class=\"MsoNormal\" style=\"text-align:justify\"><span lang=\"ES\" style=\"font-size:9.0pt;,sans-serif;color:black\">Protocolos CUATRO (4) sesiones para el anti<br \/>envejecimiento dedicado a aquellos que andan en la b\u00fasqueda de la inmortalidad<br \/>y de mantener nuestros cuerpos saludables y radiantes. <b>\u00a0<\/b>Programas especiales para la renovaci\u00f3n<br \/>celular y programas para el cuidado especial de la piel, vitalidad, Balanceo de<br \/>todas las funciones corporales influenciando todos los niveles de Bienestar <\/span><\/p>\n<p class=\"MsoNormal\" style=\"text-align:justify\"><span lang=\"ES\" style=\",sans-serif;color:black\">\u00a0\u00a0\u00a0 REVITALIZACION <\/span><b><span lang=\"ES-VE\" style=\"font-size:8.0pt;,sans-serif;color:black\">(SESION 30,60 MIN.)<\/span><span lang=\"ES-VE\" style=\",sans-serif;color:black\">\u00a0\u00a0\u00a0\u00a0\u00a0\u00a0\u00a0\u00a0\u00a0\u00a0\u00a0\u00a0\u00a0\u00a0\u00a0\u00a0 <\/span><\/b><\/p>\n<p class=\"MsoNormal\" style=\"text-align:justify\"><span lang=\"ES\" style=\"font-size:9.0pt;,sans-serif;color:black\">Protocolos de UNA (1) o CUATRO (4) sesiones para el anti<br \/>envejecimiento dedicado a aquellos que andan en la b\u00fasqueda de la inmortalidad<br \/>y de mantener nuestros cuerpos saludables y radiantes. <b>\u00a0<\/b>Programas especiales para la renovaci\u00f3n<br \/>celular y programas para el cuidado especial de la piel, vitalidad, Balanceo de<br \/>todas las funciones corporales influenciando todos los niveles de Bienestar<\/span><\/p>\n<p class=\"MsoNormal\" style=\"text-align:justify\"><span lang=\"ES\" style=\",sans-serif;color:black\">\u00a0 ANTI-DOLOR \/ REHABITALIZACION LESIONES <\/span><b><span lang=\"ES-VE\" style=\"font-size:8.0pt;,sans-serif;color:black\">(SESION 30,60 MIN.)<\/span><span lang=\"ES-VE\" style=\",sans-serif;color:black\">\u00a0\u00a0\u00a0\u00a0\u00a0\u00a0\u00a0\u00a0\u00a0\u00a0\u00a0\u00a0\u00a0\u00a0\u00a0\u00a0 <\/span><\/b><\/p>\n<p class=\"MsoNormal\" style=\"text-align:justify\"><span lang=\"ES\" style=\"font-size:9.0pt;,sans-serif;color:black\">Protocolo especial de CUATRO (4) con <\/span><span lang=\"ES\" style=\"font-size:9.0pt;,sans-serif;color:black\">Frecuencias de Energ\u00eda incluyendo programas de d\u00e9tox y limpieza<br \/>energ\u00e9tica, anti dolor, vitalidad, sistema inmunol\u00f3gico, recuperaci\u00f3n pre y<br \/>post operatoria, activaci\u00f3n y regulaci\u00f3n de los niveles de agua\u00a0\u00a0 a nivel celular y corporal balanceando los niveles<br \/>de hidrataci\u00f3n, apoyo a la digesti\u00f3n y acidez, regeneraci\u00f3n de tejido y<br \/>cicatrizaci\u00f3n a nivel energ\u00e9tico reduciendo los tiempos de recuperaci\u00f3n de las<br \/>lesiones.<\/span><\/p>\n<p class=\"MsoNormal\" style=\"text-align:justify\"><span lang=\"ES\" style=\",sans-serif;color:black\"> RECARGA ENERGETICA <\/span><b><span lang=\"ES-VE\" style=\"font-size:8.0pt;,sans-serif;color:black\">(SESION 30,60 MIN.)<\/span><span lang=\"ES-VE\" style=\",sans-serif;color:black\">\u00a0\u00a0\u00a0\u00a0\u00a0\u00a0\u00a0\u00a0\u00a0\u00a0\u00a0\u00a0\u00a0\u00a0\u00a0\u00a0 <\/span><\/b><\/p>\n<h5 style=\"text-align:justify\"><span lang=\"ES\" style=\"font-size:9.0pt;,sans-serif;color:black\">Protocolo especial de UNA (1) o CUATRO (4) sesiones para recargar<br \/>energ\u00e9ticamente con programas espec\u00edficos para la Vitalidad, el Cansancio de la<br \/>Ma\u00f1ana, Relajaci\u00f3n, Revitalizaci\u00f3n,\u00a0 y<br \/>Solfeggio y Alegr\u00eda de la Vida y Bienestar o Well Being para lograr una aumento<br \/>de la energ\u00eda corporal y del Campo Electromagn\u00e9tico de la persona<\/span><\/h5>\n<p class=\"MsoNormal\" style=\"text-align:justify\"><span lang=\"ES\" style=\",sans-serif;color:black\">\u00a0 WELLNESS <\/span><b><span lang=\"ES-VE\" style=\"font-size:8.0pt;,sans-serif;color:black\">(SESION 30,60 MIN.)<\/span><span lang=\"ES-VE\" style=\",sans-serif;color:black\">\u00a0\u00a0\u00a0\u00a0\u00a0\u00a0\u00a0\u00a0\u00a0\u00a0\u00a0\u00a0\u00a0\u00a0\u00a0\u00a0 <\/span><\/b><\/p>\n<p class=\"MsoNormal\" style=\"text-align:justify\"><span lang=\"ES\" style=\"font-size:9.0pt;,sans-serif;color:black\">Protocolos de UNA (1) o CUATRO (4) sesiones para el anti<br \/>envejecimiento dedicado a aquellos que andan en la b\u00fasqueda de la inmortalidad<br \/>y de mantener nuestros cuerpos saludables y radiantes. <b>\u00a0<\/b>Programas especiales para la renovaci\u00f3n<br \/>celular y programas para el cuidado especial de la piel, vitalidad, Balanceo de<br \/>todas las funciones corporales influenciando todos los niveles de Bienestar<\/span><\/p>\n<p class=\"MsoNormal\" style=\"text-align:justify\"><span lang=\"ES\" style=\",sans-serif;color:black\">\u00a0\u00a0 PERSONALIZADA <\/span><b><span lang=\"ES-VE\" style=\"font-size:8.0pt;,sans-serif;color:black\">(SESION 60 MIN.)<\/span><span lang=\"ES-VE\" style=\",sans-serif;color:black\">\u00a0\u00a0\u00a0\u00a0\u00a0\u00a0\u00a0\u00a0\u00a0\u00a0\u00a0\u00a0\u00a0\u00a0\u00a0\u00a0 <\/span><\/b><span lang=\"ES-VE\" style=\",sans-serif;color:black\">\u00a0<\/span><\/p>\n<p><span lang=\"ES\" style=\"font-size:9.0pt;,sans-serif;color:black\">Podemos hacer protocolos personalizados para<br \/>casi todos los \u00f3rganos y sistemas de nuestro cuerpo lo que nos permite a trav\u00e9s<br \/>de las frecuencias ayudar a que el cuerpo se sane a si mismo al entrar en<br \/>resonancia con las frecuencias personalizadas intencionadas de un cuerpo sano.<br \/>Nuestro trabajo con frecuencias nos permite ir a la causa, sanar el cuerpo y<br \/>recuperar su estado de salud original y no solo suprimir los efectos. <\/span><\/p>\n","protected":false},"excerpt":{"rendered":"<p><strong><em>Alivio del Stress, Defensa, Rendimiento, Descanso, Eternidad, Revitalizacion,\u00a0 Recarga Energetica, Wellness &amp; Anti-Dolor\/ Rehabitalizacion Lesiones.<\/em><\/strong><br \/><strong><em>Sesiones Personalizadas<\/em><\/strong><\/p>\n","protected":false},"featured_media":133,"comment_status":"open","ping_status":"closed","template":"","meta":[],"product_brand":[],"product_cat":[15],"product_tag":[],"class_list":{"0":"post-80","1":"product","2":"type-product","3":"status-publish","4":"has-post-thumbnail","6":"product_cat-sin-categorizar","8":"first","9":"instock","10":"taxable","11":"shipping-taxable","12":"purchasable","13":"product-type-simple"},"jetpack_sharing_enabled":true,"_links":{"self":[{"href":"https:\/\/acquachi.com\/store\/wp-json\/wp\/v2\/product\/80","targetHints":{"allow":["GET"]}}],"collection":[{"href":"https:\/\/acquachi.com\/store\/wp-json\/wp\/v2\/product"}],"about":[{"href":"https:\/\/acquachi.com\/store\/wp-json\/wp\/v2\/types\/product"}],"replies":[{"embeddable":true,"href":"https:\/\/acquachi.com\/store\/wp-json\/wp\/v2\/comments?post=80"}],"wp:featuredmedia":[{"embeddable":true,"href":"https:\/\/acquachi.com\/store\/wp-json\/wp\/v2\/media\/133"}],"wp:attachment":[{"href":"https:\/\/acquachi.com\/store\/wp-json\/wp\/v2\/media?parent=80"}],"wp:term":[{"taxonomy":"product_brand","embeddable":true,"href":"https:\/\/acquachi.com\/store\/wp-json\/wp\/v2\/product_brand?post=80"},{"taxonomy":"product_cat","embeddable":true,"href":"https:\/\/acquachi.com\/store\/wp-json\/wp\/v2\/product_cat?post=80"},{"taxonomy":"product_tag","embeddable":true,"href":"https:\/\/acquachi.com\/store\/wp-json\/wp\/v2\/product_tag?post=80"}],"curies":[{"name":"wp","href":"https:\/\/api.w.org\/{rel}","templated":true}]}}